{"id":370,"date":"2022-06-20T08:13:34","date_gmt":"2022-06-20T08:13:34","guid":{"rendered":"https:\/\/dismadel.com\/?page_id=370"},"modified":"2022-06-20T08:15:16","modified_gmt":"2022-06-20T08:15:16","slug":"politica-de-calidad","status":"publish","type":"page","link":"https:\/\/dismadel.com\/index.php\/politica-de-calidad\/","title":{"rendered":"Pol\u00edtica de Calidad"},"content":{"rendered":"\n<h2 class=\"wp-block-heading\">Pol\u00edtica de Calidad<\/h2>\n\n\n\n<p>La Direcci\u00f3n de DISMADEL, en su actividad como empresa de comercializaci\u00f3n de material de laboratorio, es consciente de la importancia de satisfacer las necesidades de sus clientes, los requisitos fijados para sus equipos, as\u00ed como de avanzar en una mejora continua, de forma que se compromete a:<\/p>\n\n\n\n<ul class=\"wp-block-list\"><li>Desarrollar e implantar el Sistema de Gesti\u00f3n de Calidad que garantice el cumplimiento de la norma UNE-EN-ISO 9001:2015.<\/li><li>Hacer de la mejora continua su herramienta de trabajo, estableciendo y revisando peri\u00f3dicamente los objetivos espec\u00edficos de dicho proceso de mejora.<\/li><li>Cumplir con los requisitos legales y\/o normativos o espec\u00edficos de sus clientes relacionados con la venta del material de laboratorio.<\/li><li>Promover la participaci\u00f3n y responsabilidad de todos los trabajadores de la empresa en el funcionamiento del Sistema de Calidad con el fin de asegurar la calidad de sus servicios y productos.<\/li><li>Establecer los procedimientos y medios para controlar todo el proceso desde el asesoramiento t\u00e9cnico inicial hasta el servicio post venta.<\/li><li>Dotar a la empresa y sus procesos del mejor capital humano y de los mejores equipos y infraestructuras.<\/li><\/ul>\n\n\n\n<p>Esta pol\u00edtica est\u00e1 en consonancia con los valores de DISMADEL y debe ser conocida, comprendida y desarrollada por todos los que forman parte de ella, adem\u00e1s de estar disponible a todas las partes interesadas de la Organizaci\u00f3n.<\/p>\n\n\n\n<p>Su implantaci\u00f3n es un objetivo fundamental de la Direcci\u00f3n y es responsabilidad de todos sus empleados.<\/p>\n\n\n\n<p>LA DIRECCI\u00d3N<\/p>\n\n\n\n<p>Madrid, 8 de enero de 2021<\/p>\n","protected":false},"excerpt":{"rendered":"<p>Pol\u00edtica de Calidad La Direcci\u00f3n de DISMADEL, en su actividad como empresa de comercializaci\u00f3n de material de laboratorio, es consciente de la importancia de satisfacer las necesidades de sus clientes, los requisitos fijados para sus equipos, as\u00ed como de avanzar en una mejora continua, de forma que se compromete a: Desarrollar e implantar el Sistema&hellip; <a class=\"more-link\" href=\"https:\/\/dismadel.com\/index.php\/politica-de-calidad\/\">Seguir leyendo <span class=\"screen-reader-text\">Pol\u00edtica de Calidad<\/span><\/a><\/p>\n","protected":false},"author":1,"featured_media":0,"parent":0,"menu_order":0,"comment_status":"closed","ping_status":"closed","template":"","meta":{"footnotes":""},"class_list":["post-370","page","type-page","status-publish","hentry","entry"],"yoast_head":"<!-- This site is optimized with the Yoast SEO plugin v26.7 - https:\/\/yoast.com\/wordpress\/plugins\/seo\/ -->\n<title>Pol\u00edtica de Calidad - DISMADEL SL<\/title>\n<meta name=\"robots\" content=\"index, follow, max-snippet:-1, max-image-preview:large, max-video-preview:-1\" \/>\n<link rel=\"canonical\" href=\"https:\/\/dismadel.com\/index.php\/politica-de-calidad\/\" \/>\n<meta property=\"og:locale\" content=\"es_ES\" \/>\n<meta property=\"og:type\" content=\"article\" \/>\n<meta property=\"og:title\" content=\"Pol\u00edtica de Calidad - DISMADEL SL\" \/>\n<meta property=\"og:description\" content=\"Pol\u00edtica de Calidad La Direcci\u00f3n de DISMADEL, en su actividad como empresa de comercializaci\u00f3n de material de laboratorio, es consciente de la importancia de satisfacer las necesidades de sus clientes, los requisitos fijados para sus equipos, as\u00ed como de avanzar en una mejora continua, de forma que se compromete a: Desarrollar e implantar el Sistema&hellip; Seguir leyendo Pol\u00edtica de Calidad\" \/>\n<meta property=\"og:url\" content=\"https:\/\/dismadel.com\/index.php\/politica-de-calidad\/\" \/>\n<meta property=\"og:site_name\" content=\"DISMADEL SL\" \/>\n<meta property=\"article:modified_time\" content=\"2022-06-20T08:15:16+00:00\" \/>\n<meta name=\"twitter:card\" content=\"summary_large_image\" \/>\n<meta name=\"twitter:label1\" content=\"Tiempo de lectura\" \/>\n\t<meta name=\"twitter:data1\" content=\"1 minuto\" \/>\n<script type=\"application\/ld+json\" class=\"yoast-schema-graph\">{\"@context\":\"https:\/\/schema.org\",\"@graph\":[{\"@type\":\"WebPage\",\"@id\":\"https:\/\/dismadel.com\/index.php\/politica-de-calidad\/\",\"url\":\"https:\/\/dismadel.com\/index.php\/politica-de-calidad\/\",\"name\":\"Pol\u00edtica de Calidad - DISMADEL SL\",\"isPartOf\":{\"@id\":\"https:\/\/dismadel.com\/#website\"},\"datePublished\":\"2022-06-20T08:13:34+00:00\",\"dateModified\":\"2022-06-20T08:15:16+00:00\",\"breadcrumb\":{\"@id\":\"https:\/\/dismadel.com\/index.php\/politica-de-calidad\/#breadcrumb\"},\"inLanguage\":\"es\",\"potentialAction\":[{\"@type\":\"ReadAction\",\"target\":[\"https:\/\/dismadel.com\/index.php\/politica-de-calidad\/\"]}]},{\"@type\":\"BreadcrumbList\",\"@id\":\"https:\/\/dismadel.com\/index.php\/politica-de-calidad\/#breadcrumb\",\"itemListElement\":[{\"@type\":\"ListItem\",\"position\":1,\"name\":\"Portada\",\"item\":\"https:\/\/dismadel.com\/\"},{\"@type\":\"ListItem\",\"position\":2,\"name\":\"Pol\u00edtica de Calidad\"}]},{\"@type\":\"WebSite\",\"@id\":\"https:\/\/dismadel.com\/#website\",\"url\":\"https:\/\/dismadel.com\/\",\"name\":\"DISMADEL SL\",\"description\":\"Distribuci&oacute;n de Materiales de Laboratorio\",\"publisher\":{\"@id\":\"https:\/\/dismadel.com\/#organization\"},\"potentialAction\":[{\"@type\":\"SearchAction\",\"target\":{\"@type\":\"EntryPoint\",\"urlTemplate\":\"https:\/\/dismadel.com\/?s={search_term_string}\"},\"query-input\":{\"@type\":\"PropertyValueSpecification\",\"valueRequired\":true,\"valueName\":\"search_term_string\"}}],\"inLanguage\":\"es\"},{\"@type\":\"Organization\",\"@id\":\"https:\/\/dismadel.com\/#organization\",\"name\":\"DISMADEL SL\",\"url\":\"https:\/\/dismadel.com\/\",\"logo\":{\"@type\":\"ImageObject\",\"inLanguage\":\"es\",\"@id\":\"https:\/\/dismadel.com\/#\/schema\/logo\/image\/\",\"url\":\"https:\/\/dismadel.com\/wp-content\/uploads\/2022\/06\/cropped-oie_transparent_04-1.png\",\"contentUrl\":\"https:\/\/dismadel.com\/wp-content\/uploads\/2022\/06\/cropped-oie_transparent_04-1.png\",\"width\":330,\"height\":150,\"caption\":\"DISMADEL SL\"},\"image\":{\"@id\":\"https:\/\/dismadel.com\/#\/schema\/logo\/image\/\"}}]}<\/script>\n<!-- \/ Yoast SEO plugin. -->","yoast_head_json":{"title":"Pol\u00edtica de Calidad - DISMADEL SL","robots":{"index":"index","follow":"follow","max-snippet":"max-snippet:-1","max-image-preview":"max-image-preview:large","max-video-preview":"max-video-preview:-1"},"canonical":"https:\/\/dismadel.com\/index.php\/politica-de-calidad\/","og_locale":"es_ES","og_type":"article","og_title":"Pol\u00edtica de Calidad - DISMADEL SL","og_description":"Pol\u00edtica de Calidad La Direcci\u00f3n de DISMADEL, en su actividad como empresa de comercializaci\u00f3n de material de laboratorio, es consciente de la importancia de satisfacer las necesidades de sus clientes, los requisitos fijados para sus equipos, as\u00ed como de avanzar en una mejora continua, de forma que se compromete a: Desarrollar e implantar el Sistema&hellip; Seguir leyendo Pol\u00edtica de Calidad","og_url":"https:\/\/dismadel.com\/index.php\/politica-de-calidad\/","og_site_name":"DISMADEL SL","article_modified_time":"2022-06-20T08:15:16+00:00","twitter_card":"summary_large_image","twitter_misc":{"Tiempo de lectura":"1 minuto"},"schema":{"@context":"https:\/\/schema.org","@graph":[{"@type":"WebPage","@id":"https:\/\/dismadel.com\/index.php\/politica-de-calidad\/","url":"https:\/\/dismadel.com\/index.php\/politica-de-calidad\/","name":"Pol\u00edtica de Calidad - DISMADEL SL","isPartOf":{"@id":"https:\/\/dismadel.com\/#website"},"datePublished":"2022-06-20T08:13:34+00:00","dateModified":"2022-06-20T08:15:16+00:00","breadcrumb":{"@id":"https:\/\/dismadel.com\/index.php\/politica-de-calidad\/#breadcrumb"},"inLanguage":"es","potentialAction":[{"@type":"ReadAction","target":["https:\/\/dismadel.com\/index.php\/politica-de-calidad\/"]}]},{"@type":"BreadcrumbList","@id":"https:\/\/dismadel.com\/index.php\/politica-de-calidad\/#breadcrumb","itemListElement":[{"@type":"ListItem","position":1,"name":"Portada","item":"https:\/\/dismadel.com\/"},{"@type":"ListItem","position":2,"name":"Pol\u00edtica de Calidad"}]},{"@type":"WebSite","@id":"https:\/\/dismadel.com\/#website","url":"https:\/\/dismadel.com\/","name":"DISMADEL SL","description":"Distribuci&oacute;n de Materiales de Laboratorio","publisher":{"@id":"https:\/\/dismadel.com\/#organization"},"potentialAction":[{"@type":"SearchAction","target":{"@type":"EntryPoint","urlTemplate":"https:\/\/dismadel.com\/?s={search_term_string}"},"query-input":{"@type":"PropertyValueSpecification","valueRequired":true,"valueName":"search_term_string"}}],"inLanguage":"es"},{"@type":"Organization","@id":"https:\/\/dismadel.com\/#organization","name":"DISMADEL SL","url":"https:\/\/dismadel.com\/","logo":{"@type":"ImageObject","inLanguage":"es","@id":"https:\/\/dismadel.com\/#\/schema\/logo\/image\/","url":"https:\/\/dismadel.com\/wp-content\/uploads\/2022\/06\/cropped-oie_transparent_04-1.png","contentUrl":"https:\/\/dismadel.com\/wp-content\/uploads\/2022\/06\/cropped-oie_transparent_04-1.png","width":330,"height":150,"caption":"DISMADEL SL"},"image":{"@id":"https:\/\/dismadel.com\/#\/schema\/logo\/image\/"}}]}},"_links":{"self":[{"href":"https:\/\/dismadel.com\/index.php\/wp-json\/wp\/v2\/pages\/370","targetHints":{"allow":["GET"]}}],"collection":[{"href":"https:\/\/dismadel.com\/index.php\/wp-json\/wp\/v2\/pages"}],"about":[{"href":"https:\/\/dismadel.com\/index.php\/wp-json\/wp\/v2\/types\/page"}],"author":[{"embeddable":true,"href":"https:\/\/dismadel.com\/index.php\/wp-json\/wp\/v2\/users\/1"}],"replies":[{"embeddable":true,"href":"https:\/\/dismadel.com\/index.php\/wp-json\/wp\/v2\/comments?post=370"}],"version-history":[{"count":3,"href":"https:\/\/dismadel.com\/index.php\/wp-json\/wp\/v2\/pages\/370\/revisions"}],"predecessor-version":[{"id":375,"href":"https:\/\/dismadel.com\/index.php\/wp-json\/wp\/v2\/pages\/370\/revisions\/375"}],"wp:attachment":[{"href":"https:\/\/dismadel.com\/index.php\/wp-json\/wp\/v2\/media?parent=370"}],"curies":[{"name":"wp","href":"https:\/\/api.w.org\/{rel}","templated":true}]}}