{"id":330,"date":"2022-06-20T06:07:30","date_gmt":"2022-06-20T06:07:30","guid":{"rendered":"https:\/\/dismadel.com\/?page_id=330"},"modified":"2022-07-04T12:05:48","modified_gmt":"2022-07-04T12:05:48","slug":"lote-14-ucm-am","status":"publish","type":"page","link":"https:\/\/dismadel.com\/index.php\/lote-14-ucm-am\/","title":{"rendered":"Lote 14. UCM-AM"},"content":{"rendered":"\n<p class=\"has-text-align-center\"><strong>Suministro de equipamiento cient\u00edfico, infraestructura y mobiliario t\u00e9cnico<\/strong><\/p>\n\n\n\n<p><strong>Equipamiento Cient\u00edfico<\/strong>:<\/p>\n\n\n\n<div data-wp-interactive=\"core\/file\" class=\"wp-block-file\"><object data-wp-bind--hidden=\"!state.hasPdfPreview\" hidden class=\"wp-block-file__embed\" data=\"https:\/\/dismadel.com\/wp-content\/uploads\/2022\/06\/Lote-14-equipamiento.pdf\" type=\"application\/pdf\" style=\"width:100%;height:200px\" aria-label=\"Incrustado de Incrustado de Lote 14 - equipamiento..\"><\/object><a id=\"wp-block-file--media-1fb2b38f-aebe-4ec6-966e-8e5f3af44752\" href=\"https:\/\/dismadel.com\/wp-content\/uploads\/2022\/06\/Lote-14-equipamiento.pdf\">Lote 14 &#8211; equipamiento<\/a><a href=\"https:\/\/dismadel.com\/wp-content\/uploads\/2022\/06\/Lote-14-equipamiento.pdf\" class=\"wp-block-file__button\" download aria-describedby=\"wp-block-file--media-1fb2b38f-aebe-4ec6-966e-8e5f3af44752\">Descarga<\/a><\/div>\n\n\n\n<p><strong>Mobiliario T\u00e9cnico<\/strong>:<\/p>\n\n\n\n<div data-wp-interactive=\"core\/file\" class=\"wp-block-file\"><object data-wp-bind--hidden=\"!state.hasPdfPreview\" hidden class=\"wp-block-file__embed\" data=\"https:\/\/dismadel.com\/wp-content\/uploads\/2022\/06\/Lote-14-mobiliario.pdf\" type=\"application\/pdf\" style=\"width:100%;height:200px\" aria-label=\"Incrustado de Incrustado de Lote 14 - mobiliario..\"><\/object><a id=\"wp-block-file--media-f26cd794-eac3-4e21-907f-220335ff69eb\" href=\"https:\/\/dismadel.com\/wp-content\/uploads\/2022\/06\/Lote-14-mobiliario.pdf\">Lote 14 &#8211; mobiliario<\/a><a href=\"https:\/\/dismadel.com\/wp-content\/uploads\/2022\/06\/Lote-14-mobiliario.pdf\" class=\"wp-block-file__button\" download aria-describedby=\"wp-block-file--media-f26cd794-eac3-4e21-907f-220335ff69eb\">Descarga<\/a><\/div>\n\n\n\n<div class=\"wp-block-buttons is-layout-flex wp-block-buttons-is-layout-flex\"><\/div>\n\n\n\n<p class=\"has-text-align-center\"><a href=\"https:\/\/dismadel.com\/index.php\/contacto\/\">Para otros productos cons\u00faltenos<\/a><\/p>\n","protected":false},"excerpt":{"rendered":"<p>Suministro de equipamiento cient\u00edfico, infraestructura y mobiliario t\u00e9cnico Equipamiento Cient\u00edfico: Mobiliario T\u00e9cnico: Para otros productos cons\u00faltenos<\/p>\n","protected":false},"author":1,"featured_media":0,"parent":0,"menu_order":0,"comment_status":"closed","ping_status":"closed","template":"","meta":{"footnotes":""},"class_list":["post-330","page","type-page","status-publish","hentry","entry"],"yoast_head":"<!-- This site is optimized with the Yoast SEO plugin v26.7 - https:\/\/yoast.com\/wordpress\/plugins\/seo\/ -->\n<title>Lote 14. UCM-AM - DISMADEL SL<\/title>\n<meta name=\"robots\" content=\"index, follow, max-snippet:-1, max-image-preview:large, max-video-preview:-1\" \/>\n<link rel=\"canonical\" href=\"https:\/\/dismadel.com\/index.php\/lote-14-ucm-am\/\" \/>\n<meta property=\"og:locale\" content=\"es_ES\" \/>\n<meta property=\"og:type\" content=\"article\" \/>\n<meta property=\"og:title\" content=\"Lote 14. UCM-AM - DISMADEL SL\" \/>\n<meta property=\"og:description\" content=\"Suministro de equipamiento cient\u00edfico, infraestructura y mobiliario t\u00e9cnico Equipamiento Cient\u00edfico: Mobiliario T\u00e9cnico: Para otros productos cons\u00faltenos\" \/>\n<meta property=\"og:url\" content=\"https:\/\/dismadel.com\/index.php\/lote-14-ucm-am\/\" \/>\n<meta property=\"og:site_name\" content=\"DISMADEL SL\" \/>\n<meta property=\"article:modified_time\" content=\"2022-07-04T12:05:48+00:00\" \/>\n<meta name=\"twitter:card\" content=\"summary_large_image\" \/>\n<meta name=\"twitter:label1\" content=\"Tiempo de lectura\" \/>\n\t<meta name=\"twitter:data1\" content=\"1 minuto\" \/>\n<script type=\"application\/ld+json\" class=\"yoast-schema-graph\">{\"@context\":\"https:\/\/schema.org\",\"@graph\":[{\"@type\":\"WebPage\",\"@id\":\"https:\/\/dismadel.com\/index.php\/lote-14-ucm-am\/\",\"url\":\"https:\/\/dismadel.com\/index.php\/lote-14-ucm-am\/\",\"name\":\"Lote 14. UCM-AM - DISMADEL SL\",\"isPartOf\":{\"@id\":\"https:\/\/dismadel.com\/#website\"},\"datePublished\":\"2022-06-20T06:07:30+00:00\",\"dateModified\":\"2022-07-04T12:05:48+00:00\",\"breadcrumb\":{\"@id\":\"https:\/\/dismadel.com\/index.php\/lote-14-ucm-am\/#breadcrumb\"},\"inLanguage\":\"es\",\"potentialAction\":[{\"@type\":\"ReadAction\",\"target\":[\"https:\/\/dismadel.com\/index.php\/lote-14-ucm-am\/\"]}]},{\"@type\":\"BreadcrumbList\",\"@id\":\"https:\/\/dismadel.com\/index.php\/lote-14-ucm-am\/#breadcrumb\",\"itemListElement\":[{\"@type\":\"ListItem\",\"position\":1,\"name\":\"Portada\",\"item\":\"https:\/\/dismadel.com\/\"},{\"@type\":\"ListItem\",\"position\":2,\"name\":\"Lote 14. UCM-AM\"}]},{\"@type\":\"WebSite\",\"@id\":\"https:\/\/dismadel.com\/#website\",\"url\":\"https:\/\/dismadel.com\/\",\"name\":\"DISMADEL SL\",\"description\":\"Distribuci&oacute;n de Materiales de Laboratorio\",\"publisher\":{\"@id\":\"https:\/\/dismadel.com\/#organization\"},\"potentialAction\":[{\"@type\":\"SearchAction\",\"target\":{\"@type\":\"EntryPoint\",\"urlTemplate\":\"https:\/\/dismadel.com\/?s={search_term_string}\"},\"query-input\":{\"@type\":\"PropertyValueSpecification\",\"valueRequired\":true,\"valueName\":\"search_term_string\"}}],\"inLanguage\":\"es\"},{\"@type\":\"Organization\",\"@id\":\"https:\/\/dismadel.com\/#organization\",\"name\":\"DISMADEL SL\",\"url\":\"https:\/\/dismadel.com\/\",\"logo\":{\"@type\":\"ImageObject\",\"inLanguage\":\"es\",\"@id\":\"https:\/\/dismadel.com\/#\/schema\/logo\/image\/\",\"url\":\"https:\/\/dismadel.com\/wp-content\/uploads\/2022\/06\/cropped-oie_transparent_04-1.png\",\"contentUrl\":\"https:\/\/dismadel.com\/wp-content\/uploads\/2022\/06\/cropped-oie_transparent_04-1.png\",\"width\":330,\"height\":150,\"caption\":\"DISMADEL SL\"},\"image\":{\"@id\":\"https:\/\/dismadel.com\/#\/schema\/logo\/image\/\"}}]}<\/script>\n<!-- \/ Yoast SEO plugin. -->","yoast_head_json":{"title":"Lote 14. UCM-AM - DISMADEL SL","robots":{"index":"index","follow":"follow","max-snippet":"max-snippet:-1","max-image-preview":"max-image-preview:large","max-video-preview":"max-video-preview:-1"},"canonical":"https:\/\/dismadel.com\/index.php\/lote-14-ucm-am\/","og_locale":"es_ES","og_type":"article","og_title":"Lote 14. UCM-AM - DISMADEL SL","og_description":"Suministro de equipamiento cient\u00edfico, infraestructura y mobiliario t\u00e9cnico Equipamiento Cient\u00edfico: Mobiliario T\u00e9cnico: Para otros productos cons\u00faltenos","og_url":"https:\/\/dismadel.com\/index.php\/lote-14-ucm-am\/","og_site_name":"DISMADEL SL","article_modified_time":"2022-07-04T12:05:48+00:00","twitter_card":"summary_large_image","twitter_misc":{"Tiempo de lectura":"1 minuto"},"schema":{"@context":"https:\/\/schema.org","@graph":[{"@type":"WebPage","@id":"https:\/\/dismadel.com\/index.php\/lote-14-ucm-am\/","url":"https:\/\/dismadel.com\/index.php\/lote-14-ucm-am\/","name":"Lote 14. UCM-AM - DISMADEL SL","isPartOf":{"@id":"https:\/\/dismadel.com\/#website"},"datePublished":"2022-06-20T06:07:30+00:00","dateModified":"2022-07-04T12:05:48+00:00","breadcrumb":{"@id":"https:\/\/dismadel.com\/index.php\/lote-14-ucm-am\/#breadcrumb"},"inLanguage":"es","potentialAction":[{"@type":"ReadAction","target":["https:\/\/dismadel.com\/index.php\/lote-14-ucm-am\/"]}]},{"@type":"BreadcrumbList","@id":"https:\/\/dismadel.com\/index.php\/lote-14-ucm-am\/#breadcrumb","itemListElement":[{"@type":"ListItem","position":1,"name":"Portada","item":"https:\/\/dismadel.com\/"},{"@type":"ListItem","position":2,"name":"Lote 14. UCM-AM"}]},{"@type":"WebSite","@id":"https:\/\/dismadel.com\/#website","url":"https:\/\/dismadel.com\/","name":"DISMADEL SL","description":"Distribuci&oacute;n de Materiales de Laboratorio","publisher":{"@id":"https:\/\/dismadel.com\/#organization"},"potentialAction":[{"@type":"SearchAction","target":{"@type":"EntryPoint","urlTemplate":"https:\/\/dismadel.com\/?s={search_term_string}"},"query-input":{"@type":"PropertyValueSpecification","valueRequired":true,"valueName":"search_term_string"}}],"inLanguage":"es"},{"@type":"Organization","@id":"https:\/\/dismadel.com\/#organization","name":"DISMADEL SL","url":"https:\/\/dismadel.com\/","logo":{"@type":"ImageObject","inLanguage":"es","@id":"https:\/\/dismadel.com\/#\/schema\/logo\/image\/","url":"https:\/\/dismadel.com\/wp-content\/uploads\/2022\/06\/cropped-oie_transparent_04-1.png","contentUrl":"https:\/\/dismadel.com\/wp-content\/uploads\/2022\/06\/cropped-oie_transparent_04-1.png","width":330,"height":150,"caption":"DISMADEL SL"},"image":{"@id":"https:\/\/dismadel.com\/#\/schema\/logo\/image\/"}}]}},"_links":{"self":[{"href":"https:\/\/dismadel.com\/index.php\/wp-json\/wp\/v2\/pages\/330","targetHints":{"allow":["GET"]}}],"collection":[{"href":"https:\/\/dismadel.com\/index.php\/wp-json\/wp\/v2\/pages"}],"about":[{"href":"https:\/\/dismadel.com\/index.php\/wp-json\/wp\/v2\/types\/page"}],"author":[{"embeddable":true,"href":"https:\/\/dismadel.com\/index.php\/wp-json\/wp\/v2\/users\/1"}],"replies":[{"embeddable":true,"href":"https:\/\/dismadel.com\/index.php\/wp-json\/wp\/v2\/comments?post=330"}],"version-history":[{"count":12,"href":"https:\/\/dismadel.com\/index.php\/wp-json\/wp\/v2\/pages\/330\/revisions"}],"predecessor-version":[{"id":830,"href":"https:\/\/dismadel.com\/index.php\/wp-json\/wp\/v2\/pages\/330\/revisions\/830"}],"wp:attachment":[{"href":"https:\/\/dismadel.com\/index.php\/wp-json\/wp\/v2\/media?parent=330"}],"curies":[{"name":"wp","href":"https:\/\/api.w.org\/{rel}","templated":true}]}}